{"id":790,"date":"2025-01-07T13:05:39","date_gmt":"2025-01-07T13:05:33","guid":{"rendered":"https:\/\/terakuno.org\/sample-page-2\/spenden-neu\/"},"modified":"2025-01-10T02:15:46","modified_gmt":"2025-01-10T02:15:46","slug":"spenden","status":"publish","type":"page","link":"https:\/\/terakuno.org\/en\/organisation\/spenden\/","title":{"rendered":"Donations"},"content":{"rendered":"<h2 class=\"wp-block-heading\">Baumpatenschaft<\/h2>\n\n\n\n<p>\u00dcbernimm eine Baumpatenschaft f\u00fcr unsere B\u00e4ume in den biodiversen, essbaren \u00abWaldg\u00e4rten\u00bb des Vereins Tera Kuno bei Manaus und finanziere damit das dortige Projekt \u00abArte &amp; Escola na Floresta\u00bb.<\/p>\n\n\n\n<p>Diese B\u00e4ume pflanzen wir im M\u00e4rz 2025 im Agroforst-Modell. Dazu z\u00e4hlen Fruchtb\u00e4ume wie Kakao, Kaffee, Jatoba, Cumaru, Jaca oder Ing\u00e1. Mit CHF 40.- bist Du Pat*in eines einzelnen Baumes, mit CHF 150.- einer Baumfamilie aus vier B\u00e4umen und mit CHF 300.- einer Allee mit zehn B\u00e4umen, respektive 1, 4 oder 10 Zertifikaten, die nummeriert werden und auch verschenkt werden k\u00f6nnen.<\/p>\n\n\n<div id=\"rnw-paylink-button-tbtgb\"><\/div>\n<p><script type=\"module\">\n  import {PaylinkButton} from \"https:\/\/unpkg.com\/@raisenow\/paylink-button@2\/dist\/PaylinkButton.js\"\n  PaylinkButton.render(\"#rnw-paylink-button-tbtgb\", {\n    \"solution-id\": \"tbtgb\",\n    \"size\": \"large\",\n    \"width\": \"fixed\",\n    \"icon\": \"heart\",\n    \"label\": \"Baumpatenschaft\",\n    \"border-radius\": \"8px\",\n    \"background-color\": \"#aca734\",\n  })\n<\/script><\/p>\n\n\n\n<h2 class=\"wp-block-heading\">Allgemeine Spende<\/h2>\n\n\n\n<p>Unterst\u00fctzen Sie Tera Kuno: Ihre Spende st\u00e4rkt unsere Arbeit f\u00fcr eine nachhaltige Zukunft. Mit Ihrer Hilfe k\u00f6nnen wir Forschung, Ausbildung und den Aufbau lokaler Infrastruktur f\u00f6rdern \u2013 von der Verarbeitung und dem Vertrieb bis hin zur Unterst\u00fctzung der n\u00e4chsten Generation von Landwirt*innen. Als steuerbefreiter Verein in der Schweiz fliesst Ihre Unterst\u00fctzung direkt in unsere Projekte, w\u00e4hrend unser Team ehrenamtlich t\u00e4tig ist. Gemeinsam gestalten wir Ver\u00e4nderung!<\/p>\n\n\n<div id=\"rnw-paylink-button-hfqtx\"><\/div>\n<p><script type=\"module\">\n  import {PaylinkButton} from \"https:\/\/unpkg.com\/@raisenow\/paylink-button@2\/dist\/PaylinkButton.js\"\n  PaylinkButton.render(\"#rnw-paylink-button-hfqtx\", {\n    \"solution-id\": \"hfqtx\",\n    \"size\": \"large\",\n    \"width\": \"fixed\",\n    \"icon\": \"heart\",\n    \"label\": \"Spenden\",\n    \"border-radius\": \"8px\",\n    \"background-color\": \"#aca734\",\n  })\n<\/script><\/p>","protected":false},"excerpt":{"rendered":"<p>Baumpatenschaft \u00dcbernimm eine Baumpatenschaft f\u00fcr unsere B\u00e4ume in den biodiversen, essbaren \u00abWaldg\u00e4rten\u00bb des Vereins Tera Kuno bei Manaus und finanziere&#8230;<\/p>\n","protected":false},"author":1,"featured_media":1078,"parent":251,"menu_order":9,"comment_status":"closed","ping_status":"closed","template":"","meta":{"footnotes":""},"class_list":["post-790","page","type-page","status-publish","has-post-thumbnail","hentry"],"_links":{"self":[{"href":"https:\/\/terakuno.org\/en\/wp-json\/wp\/v2\/pages\/790","targetHints":{"allow":["GET"]}}],"collection":[{"href":"https:\/\/terakuno.org\/en\/wp-json\/wp\/v2\/pages"}],"about":[{"href":"https:\/\/terakuno.org\/en\/wp-json\/wp\/v2\/types\/page"}],"author":[{"embeddable":true,"href":"https:\/\/terakuno.org\/en\/wp-json\/wp\/v2\/users\/1"}],"replies":[{"embeddable":true,"href":"https:\/\/terakuno.org\/en\/wp-json\/wp\/v2\/comments?post=790"}],"version-history":[{"count":20,"href":"https:\/\/terakuno.org\/en\/wp-json\/wp\/v2\/pages\/790\/revisions"}],"predecessor-version":[{"id":1192,"href":"https:\/\/terakuno.org\/en\/wp-json\/wp\/v2\/pages\/790\/revisions\/1192"}],"up":[{"embeddable":true,"href":"https:\/\/terakuno.org\/en\/wp-json\/wp\/v2\/pages\/251"}],"wp:featuredmedia":[{"embeddable":true,"href":"https:\/\/terakuno.org\/en\/wp-json\/wp\/v2\/media\/1078"}],"wp:attachment":[{"href":"https:\/\/terakuno.org\/en\/wp-json\/wp\/v2\/media?parent=790"}],"curies":[{"name":"wp","href":"https:\/\/api.w.org\/{rel}","templated":true}]}}