{"id":163,"date":"2022-11-29T21:29:39","date_gmt":"2022-11-29T21:29:40","guid":{"rendered":"https:\/\/terakuno.massimo.tokyo\/?page_id=163"},"modified":"2025-01-08T00:59:22","modified_gmt":"2025-01-08T00:59:22","slug":"essbare-unkonventionelle-pflanzen","status":"publish","type":"page","link":"https:\/\/terakuno.org\/en\/kontext\/essbare-unkonventionelle-pflanzen\/","title":{"rendered":"PANC Amazon Wild Plants"},"content":{"rendered":"<p>Edible Wild Plants (Plantas Alimenticias Nao Conventionais PANC) are edible plants that, in recent times, have been forgotten as food, but are still found in many backyards of families in the Amazon. In general, these are hardy plants, easy to grow, and with higher nutritional value than many of the conventional varieties consumed today. From a nutritional perspective, for example, lettuce could be replaced by cariru or bertalia, species that are easy to grow.<\/p>\n\n\n\n<p>Currently, we are working on a list of the varieties we cultivate. The publication will be released as soon as possible.<\/p>\n\n\n\n<figure class=\"wp-block-table is-style-stripes\"><table><tbody><tr><td>Abacateiro<\/td><td>Persea americana Mill<\/td><td>Esta\u00e7\u00e3o de \u00f3leo; semente alto teor de compostos fen\u00f3licos e atividade antioxidante<\/td><\/tr><tr><td>Abacaxi<\/td><td><\/td><td>Expecies na Amazonia melhor plantada no pleno sol<\/td><\/tr><tr><td>Ab\u00f3bora<\/td><td><\/td><td>Flor e brotos comest\u00edveis. Sensibilidade a muito humidade no p\u00e9.<\/td><\/tr><tr><td>A\u00e7afr\u00e3o-da-terra<\/td><td>Curcuma longa<\/td><td>Plantar no sombra, alto valor medicinal e como tempero ideal em conjunto com pimenta de reino<\/td><\/tr><tr><td>Agri\u00e3o<\/td><td><\/td><td>muito bom junto com Rucola nao d\u00e1 bicho<\/td><\/tr><tr><td>Alfavaca<\/td><td>Ocimum campechianum<\/td><td><\/td><\/tr><tr><td>Amendoim<\/td><td><\/td><td>\u201cgraminha\u201d florida leguminosa;<\/td><\/tr><tr><td>Amor-crescido<\/td><td><\/td><td><\/td><\/tr><tr><td>Ari\u00e1<\/td><td>Goeppertia allouia<\/td><td>Esp\u00e9cie nativa, consumo cru ou cozido; prote\u00edna muito superior que batatas;<\/td><\/tr><tr><td>Arraruta<\/td><td>Maranta arundinacea<\/td><td>Uso medicinal e culin\u00e1ria, ajuda se recuperar<\/td><\/tr><tr><td>Arroz pracurio<\/td><td><\/td><td><\/td><\/tr><tr><td>Arruda<\/td><td>Ruta graveolens<\/td><td><\/td><\/tr><tr><td>Babosa<\/td><td>Aloe vera (L.)<\/td><td><\/td><\/tr><tr><td>Batata doce<\/td><td>Ipomoea batatas<\/td><td>Folhas e batatas comest\u00edveis<\/td><\/tr><tr><td>Beldroega<\/td><td>Portulaca oleracea<\/td><td><\/td><\/tr><tr><td>Bertalha<\/td><td>Basella alba<\/td><td>Trepadeira, pega de estaca<\/td><\/tr><tr><td>Boldo pequeno<\/td><td>Plectranthus ornatus Codd.<\/td><td><\/td><\/tr><tr><td>Boldo baiano<\/td><td>Vernonia condensata<\/td><td><\/td><\/tr><tr><td>Capim Santo<\/td><td>Cymbopogon citratus<\/td><td><\/td><\/tr><tr><td>Car\u00e1<\/td><td><\/td><td>Trepadeira; Plantar tub\u00e9rculos inteiros ou cortados (quando grande) com varas para o tutoramento ou em baixo de arvores em montes de terra; Colheita quando as folhas secam<\/td><\/tr><tr><td>Car\u00e1 roxo<\/td><td>Dioscorea trifida<\/td><td>Trepadeira; Plantar tub\u00e9rculos ou cortados em montes de terra<\/td><\/tr><tr><td>Car\u00e1 roxo do ar<\/td><td>Dioscorea alata<\/td><td>Trepadeira; Plantar tub\u00e9rculos ou cortados em montes de terra; Come-se os t\u00faberas a\u00e9reas e tub\u00e9rculos subterr\u00e2neos<\/td><\/tr><tr><td>Cara-de-espinho<\/td><td>Dioscorea chondrocarpa<\/td><td>Trepadeira ate 150kg<\/td><\/tr><tr><td>Car\u00e1-do-ar \/ cara-meola<\/td><td>Dioscorea bulbifera<\/td><td>Trepadeira; Come-se os t\u00faberas a\u00e9reas e tub\u00e9rculos subterr\u00e2neos (no final do ciclo), podem ser armazenados meses em ambiente seco; uso medicinal para tratar feridas, fungos e inflama\u00e7\u00f5es etc.<\/td><\/tr><tr><td>Cariru<\/td><td>Talinum fruticosum<\/td><td><\/td><\/tr><tr><td>Caruru<\/td><td>Amaranthus viridis L.<\/td><td>Semear em local definitivo; Colheita cada 20 dias; Alto teores de c\u00e1lcio, f\u00f3sforo, ferro, vitaminas B\/C<\/td><\/tr><tr><td>Cebolinha<\/td><td><\/td><td><\/td><\/tr><tr><td>Chic\u00f3ria \/ Coentro de caboclo<\/td><td><\/td><td>Medicina caseira e tempero, as folhas s\u00e3o ricas nos minerais ferro e calcio<\/td><\/tr><tr><td>Cidreira<\/td><td>Lippia alba<\/td><td><\/td><\/tr><tr><td>Coentro<\/td><td><\/td><td><\/td><\/tr><tr><td>Couve<\/td><td><\/td><td>Muda com 20 dias para terra, colheta a partir da 40 dias<\/td><\/tr><tr><td>Cravo de defunto<\/td><td><\/td><td>Repelente de insetos, medicinal (Ch\u00e1 contra c\u00f3licas, etc)<\/td><\/tr><tr><td>Celosia (crista de galo)<\/td><td>Celosia argentea L<\/td><td><\/td><\/tr><tr><td>Cubiu<\/td><td>Solanum sessiliflorum<\/td><td>Transplantar mudas com 40-60 dias em covas bem adubadas; Alto valor nutritivo (minerais e vitaminas A\/B), prepara suco, bebidas fermentadas e diversos pratos como calderiada de peixe; Fonte de fibras e pectinas (redutoda de colesterol e controle do diabetes)<\/td><\/tr><tr><td>Erva de Jabuti<\/td><td>Peperomia pellucida<\/td><td><\/td><\/tr><tr><td>Falsa Mirra<\/td><td>tetradenia-riparia<\/td><td><\/td><\/tr><tr><td>Feij\u00e3o de asa<\/td><td>Psophocarpus tetragonolobus<\/td><td>Trepadeira; Come-se as vagens e gr\u00e3os verdes, os gr\u00e3os maduros torrados, folhas, as flores e a raiz tuberosa (tipo batata)<\/td><\/tr><tr><td>Feij\u00e3o de metro<\/td><td>Vigna unguiculato<\/td><td>Trepadeira; Semeadura no local definitivo (3-4 sem\/cova) com cerca ou vara de rip\u00e3o; Consume as longas vagens imaturas cru ou cozido, folhas jovens ou sementes secos, alto valor prote\u00ednas<\/td><\/tr><tr><td>Feij\u00e3o de Praia<\/td><td>Vigna unguiculata<\/td><td><\/td><\/tr><tr><td>Feij\u00e3o manteiguinha<\/td><td><\/td><td>n\u00e3o \u00e9 muito trapedeira, bem legal no SAF junto com milho\/etc<\/td><\/tr><tr><td>Feijao Preto<\/td><td><\/td><td>n\u00e3o \u00e9 muito trapedeira, bem legal no SAF junto com milho\/etc<\/td><\/tr><tr><td>Feij\u00e3o-macuco\/Jacatup\u00e9<\/td><td>Pachyrhizus tuberosus<\/td><td>Comer s\u00f3 as Batatas<\/td><\/tr><tr><td>Folha de Santa Maria<\/td><td>Piper auritum<\/td><td><\/td><\/tr><tr><td>Gengibre<\/td><td>Zingiber officinale<\/td><td>pioneira, plantio em rota\u00e7\u00e3o ou em cons\u00f3rcio com leguminosas para conservar as propriedades do solo, cresce junto com batata-doce, maior crescimento sob coco+lim\u00e3o<\/td><\/tr><tr><td>Gergelim branco e preto<\/td><td><\/td><td>Repelente de insetos<\/td><\/tr><tr><td>Inhame japon\u00eas<\/td><td>Colocasia esculenta<\/td><td>Melhor em solos descompactado e arenoso; algumas variedades podem ser comida crua.<\/td><\/tr><tr><td>Jambu<\/td><td>Acmella oleracea<\/td><td>Tempero para sopas, saladas etc.; Efeito anestesiante; Tratamento eficaz contra a perda de cabelo<\/td><\/tr><tr><td>Japana-Roxa<\/td><td>Epatorium tripinerve<\/td><td><\/td><\/tr><tr><td>Jil\u00f3<\/td><td>Solanum aethiopicum<\/td><td>Contain proteina e carboidratos<\/td><\/tr><tr><td>Louro<\/td><td>Laurus nobilis<\/td><td><\/td><\/tr><tr><td>Macaxeira<\/td><td>Manihot esculent<\/td><td>A folha \u00e9 fonte de prote\u00ednas e fibra;<\/td><\/tr><tr><td>Malvarisco ou Hortela grande<\/td><td>Plectranthus amboinicus<\/td><td><\/td><\/tr><tr><td>Mam\u00e3o<\/td><td>Carica papaya<\/td><td>Usa-se frutas verdes e maduras, medula do caule e flores masculinas; folhas medicinais<\/td><\/tr><tr><td>Maracuj\u00e1<\/td><td><\/td><td><\/td><\/tr><tr><td>Maracuja do mato<\/td><td><\/td><td><\/td><\/tr><tr><td>Mastruz<\/td><td>Chenopodium ambrosioides<\/td><td>medicinal e atividades inseticidas<\/td><\/tr><tr><td>Maxixe<\/td><td><\/td><td><\/td><\/tr><tr><td>Milho branco Nicaragua<\/td><td><\/td><td><\/td><\/tr><tr><td>Milho Vermelho Xingo<\/td><td><\/td><td><\/td><\/tr><tr><td>Moringa<\/td><td>Moringa oleifera Lam.<\/td><td>Ra\u00edzes, cascas das ra\u00edzes, folhas, frutos, flores, sementes e vagens imaturas.<\/td><\/tr><tr><td>Mutuquina<\/td><td><\/td><td><\/td><\/tr><tr><td>Orelho de Macaco \/ Espinafre de Amazonas<\/td><td>Alternanthera sessilis<\/td><td><\/td><\/tr><tr><td>Pepino<\/td><td><\/td><td>Cultivar como rasteira ou tutorada, presica luz solar direta umas horas por dia; Comer cru ou conservas (picles);<\/td><\/tr><tr><td>Pepino do mato<\/td><td>Melothria pendula<\/td><td>Trepadeira<\/td><\/tr><tr><td>Quiabo<\/td><td><\/td><td>deixe as sementes embebidas em \u00e1gua por um dia para apressar a germina\u00e7\u00e3o. Cortar quando tiver 50cm para fazer galhos. Colheita com 50-80 dias<\/td><\/tr><tr><td>Quiabo de metro<\/td><td>Trichosanthes cucumerina<\/td><td>Sementes torradas e fruta madura<\/td><\/tr><tr><td>R\u00facula<\/td><td><\/td><td><\/td><\/tr><tr><td>Saratudo<\/td><td>Justicia calycina<\/td><td><\/td><\/tr><tr><td>Sororoca<\/td><td><\/td><td><\/td><\/tr><tr><td>Tabaco<\/td><td><\/td><td>Mudas: Germina\u00e7ao 15 dias, ap\u00f3s 60 dias plantar no campo<\/td><\/tr><tr><td>Taioba<\/td><td>Xanthosoma sagittifolium (L.)<\/td><td>bastante tolerante \u00e0s pragas e doen\u00e7as<\/td><\/tr><tr><td>Tomate Yoshimatsu<\/td><td><\/td><td>Geneticamente melhorada pelo INPA, batizada Yoshimatsu, que resiste \u00e0 bact\u00e9ria \u201cRalstonia solanacearum<\/td><\/tr><tr><td>Tomates Cereja Yoshin<\/td><td><\/td><td><\/td><\/tr><tr><td>Trevo do para, chamba<\/td><td>Justicia pectoralis<\/td><td><\/td><\/tr><tr><td>Trevo-roxo<\/td><td>Scutelaria agrestis<\/td><td><\/td><\/tr><tr><td>Urtiga-branca<\/td><td>Urera caracasana<\/td><td>Semi-sombra, rica em nutrientes e uso medicinal e culinaria<\/td><\/tr><\/tbody><\/table><\/figure>","protected":false},"excerpt":{"rendered":"<p>Edible Wild Plants (Plantas Alimenticias Nao Conventionais PANC) are edible plants that, in recent times, have been forgotten as food,&#8230;<\/p>\n","protected":false},"author":3,"featured_media":26,"parent":146,"menu_order":7,"comment_status":"closed","ping_status":"closed","template":"","meta":{"footnotes":""},"class_list":["post-163","page","type-page","status-publish","has-post-thumbnail","hentry"],"_links":{"self":[{"href":"https:\/\/terakuno.org\/en\/wp-json\/wp\/v2\/pages\/163","targetHints":{"allow":["GET"]}}],"collection":[{"href":"https:\/\/terakuno.org\/en\/wp-json\/wp\/v2\/pages"}],"about":[{"href":"https:\/\/terakuno.org\/en\/wp-json\/wp\/v2\/types\/page"}],"author":[{"embeddable":true,"href":"https:\/\/terakuno.org\/en\/wp-json\/wp\/v2\/users\/3"}],"replies":[{"embeddable":true,"href":"https:\/\/terakuno.org\/en\/wp-json\/wp\/v2\/comments?post=163"}],"version-history":[{"count":7,"href":"https:\/\/terakuno.org\/en\/wp-json\/wp\/v2\/pages\/163\/revisions"}],"predecessor-version":[{"id":926,"href":"https:\/\/terakuno.org\/en\/wp-json\/wp\/v2\/pages\/163\/revisions\/926"}],"up":[{"embeddable":true,"href":"https:\/\/terakuno.org\/en\/wp-json\/wp\/v2\/pages\/146"}],"wp:featuredmedia":[{"embeddable":true,"href":"https:\/\/terakuno.org\/en\/wp-json\/wp\/v2\/media\/26"}],"wp:attachment":[{"href":"https:\/\/terakuno.org\/en\/wp-json\/wp\/v2\/media?parent=163"}],"curies":[{"name":"wp","href":"https:\/\/api.w.org\/{rel}","templated":true}]}}