{"id":1351,"date":"2026-05-08T19:13:18","date_gmt":"2026-05-08T19:13:18","guid":{"rendered":"https:\/\/terakuno.org\/?page_id=1351"},"modified":"2026-05-12T00:23:20","modified_gmt":"2026-05-12T00:23:20","slug":"festa2026","status":"publish","type":"page","link":"https:\/\/terakuno.org\/en\/festa2026\/","title":{"rendered":"(DE) festa2026"},"content":{"rendered":"<p class=\"qtranxs-available-languages-message qtranxs-available-languages-message-en\">Sorry, this entry is only available in <a href=\"https:\/\/terakuno.org\/de\/wp-json\/wp\/v2\/pages\/1351\" class=\"qtranxs-available-language-link qtranxs-available-language-link-de\" title=\"DE\">DE<\/a> and <a href=\"https:\/\/terakuno.org\/pb\/wp-json\/wp\/v2\/pages\/1351\" class=\"qtranxs-available-language-link qtranxs-available-language-link-pb\" title=\"PT\">PT<\/a>.<\/p><figure class=\"wp-block-image size-large\"><img loading=\"lazy\" decoding=\"async\" width=\"819\" height=\"1024\" src=\"https:\/\/terakuno.org\/wp-content\/uploads\/2026\/05\/5\u00b0-Festa-da-Floresta-Tera-Kuno2-1-819x1024.png\" alt=\"\" class=\"wp-image-1368\" srcset=\"https:\/\/terakuno.org\/wp-content\/uploads\/2026\/05\/5\u00b0-Festa-da-Floresta-Tera-Kuno2-1-819x1024.png 819w, https:\/\/terakuno.org\/wp-content\/uploads\/2026\/05\/5\u00b0-Festa-da-Floresta-Tera-Kuno2-1-240x300.png 240w, https:\/\/terakuno.org\/wp-content\/uploads\/2026\/05\/5\u00b0-Festa-da-Floresta-Tera-Kuno2-1-768x960.png 768w, https:\/\/terakuno.org\/wp-content\/uploads\/2026\/05\/5\u00b0-Festa-da-Floresta-Tera-Kuno2-1.png 1080w\" sizes=\"auto, (max-width: 819px) 100vw, 819px\" \/><\/figure>\n\n\n\n<p>\u201cCultura Alimentar como Solu\u00e7\u00e3o Clim\u00e1tica\u201d \u00e9 o tema da 6\u00aa edi\u00e7\u00e3o da Festa na Floresta, promovida pelo Instituto Tera Kuno \u2013 Pesquisa e Divulga\u00e7\u00e3o Agroecol\u00f3gicas, que acontecer\u00e1 nos dias 30 e 31 de maio, na sede da Escola Floresta, localizada na APA Adolpho Ducke, no Rio Puraquequara, a cerca de 15 km de Manaus.<\/p>\n\n\n\n<p>O encontro ser\u00e1 um momento de celebra\u00e7\u00e3o da natureza, da alimenta\u00e7\u00e3o saud\u00e1vel e da conviv\u00eancia comunit\u00e1ria, reunindo agricultores, pesquisadores, artistas e participantes da sociedade civil em torno de viv\u00eancias agroecol\u00f3gicas, trocas de saberes e atividades culturais.<\/p>\n\n\n\n<p>A programa\u00e7\u00e3o inclui alimenta\u00e7\u00e3o regional baseada em produtos agroecol\u00f3gicos e PANC, como nossos j\u00e1 conhecidos Coffee Breaks Sustent\u00e1veis, al\u00e9m de atividades culturais, noite musical, hospedagem comunit\u00e1ria em espa\u00e7os r\u00fasticos florestais e palestra com o pesquisador&nbsp;Valdely Kinupp e CONSEA.<\/p>\n\n\n\n<p>A participa\u00e7\u00e3o \u00e9 gratuita, com contribui\u00e7\u00e3o livre sugerida de R$ 20,00 para apoio \u00e0 log\u00edstica do evento, para quem puder contribuir.<\/p>\n\n\n\n<div class=\"wp-block-buttons is-content-justification-center is-layout-flex wp-container-core-buttons-is-layout-16018d1d wp-block-buttons-is-layout-flex\">\n<div class=\"wp-block-button\"><a class=\"wp-block-button__link has-luminous-vivid-amber-background-color has-background wp-element-button\" href=\"https:\/\/forms.gle\/9GkGUngL8eS1YNgw9\">Inscri\u00e7\u00e3o<\/a><\/div>\n<\/div>\n\n\n\n<p><strong>PROGRAMA\u00c7\u00c3O \u2013 FESTA NA FLORESTA 30 e 31 de maio<\/strong><\/p>\n\n\n\n<p><strong>Dia 30 de maio<\/strong><\/p>\n\n\n\n<p><strong>09h00<\/strong> \u2013 Sa\u00edda do centro ou porto de Manaus em barco ou \u00f4nibus, chegada 11hrs<br><strong>11h30<\/strong> \u2013 Coffee Break Sustent\u00e1vel preparado pelos agricultores locais<br><strong>13h00<\/strong> \u2013 Viv\u00eancia de integra\u00e7\u00e3o: sintonizar com os espa\u00e7os agr\u00edcolas e cozinha coletiva, e roda de conversa, inclusive Maje Beth, Conselho de Seguran\u00e7a Alimentar e Nutricional do Amazonas CONSEA, etc.<br><strong>18h00<\/strong> \u2013 Banquete coletivo e fogueira, m\u00fasicas ao vivo com Jiquitaia Coco de roda, Leandro Ribeiro, Arraial de Mana\u00f3s. Performance Dimas Mendon\u00e7a.<br><strong>Pernoite<\/strong> \u2013 Hospedagem em redes, em espa\u00e7os r\u00fasticos florestais (tapiris)<\/p>\n\n\n\n<p><strong>Dia 31 de maio<\/strong><\/p>\n\n\n\n<p><strong>07h30<\/strong> \u2013 Caf\u00e9 da manh\u00e3 florestal<br><strong>09h00<\/strong> \u2013 Palestra com Valdely Kinupp<br><strong>11h30<\/strong> \u2013 Almo\u00e7o especial com PANC<br><strong>15h30<\/strong> \u2013 Retorno para Manaus em barco ou \u00f4nibus<br><strong>17h30<\/strong> \u2013 Chegada prevista ao centro de Manaus<\/p>\n\n\n\n<p>Ser\u00e1 uma alegria compartilhar esses dias de natureza, alimenta\u00e7\u00e3o saud\u00e1vel e troca de saberes com voc\u00eas.<\/p>\n\n\n\n<p>Vozes<\/p>\n\n\n\n<p>Maj\u00e9 Beth, da etnia Tariana, que compartilha o mito de cria\u00e7\u00e3o do povo Tariana e de outros povos origin\u00e1rios, tecendo hist\u00f3rias que nascem das \u00e1guas, da floresta e da mem\u00f3ria ancestral.<\/p>\n\n\n\n<p>Valdely Kinupp, autor do livro Plantas Alimenticias Nao Conventionais PANC do Sitio PANC no Ramal Brasilerinho.<br><br>Valor: livre por Pix arteescolanafloresta@gmail.com<br><br>Deixam comidas industrializadas na cidade e aproveitam um fim de semana natural com&nbsp;culin\u00e1ria da floresta e PANC: teremos uma prepara\u00e7\u00e3o coletiva. Quem quiser trazer alimentos naturais para compartilhar ser\u00e1 bem-vindo.<br><br>D\u00favidas: Associa\u00e7\u00e3o de Pesquisa e Divulga\u00e7\u00e3o Agroecologicas Tera Kuno<br>+55 92 99205-1491<br><br><a href=\"https:\/\/forms.gle\/9GkGUngL8eS1YNgw9\"><strong>Inscri\u00e7\u00f5es<\/strong><\/a> <br><br> <\/p>\n\n\n\n<p>FOMENTO CULTURAL MULTILINGUAGENS &#8211; Edital N\u00ba 09\/2025 Projeto Festa da Floresta Justi\u00e7a Clim\u00e1tica e Cultura Alimentar.<\/p>","protected":false},"excerpt":{"rendered":"<p>Sorry, this entry is only available in DE and PT. \u201cCultura Alimentar como Solu\u00e7\u00e3o Clim\u00e1tica\u201d \u00e9 o tema da 6\u00aa&#8230;<\/p>\n","protected":false},"author":1,"featured_media":0,"parent":0,"menu_order":0,"comment_status":"closed","ping_status":"closed","template":"","meta":{"footnotes":""},"class_list":["post-1351","page","type-page","status-publish","hentry"],"_links":{"self":[{"href":"https:\/\/terakuno.org\/en\/wp-json\/wp\/v2\/pages\/1351","targetHints":{"allow":["GET"]}}],"collection":[{"href":"https:\/\/terakuno.org\/en\/wp-json\/wp\/v2\/pages"}],"about":[{"href":"https:\/\/terakuno.org\/en\/wp-json\/wp\/v2\/types\/page"}],"author":[{"embeddable":true,"href":"https:\/\/terakuno.org\/en\/wp-json\/wp\/v2\/users\/1"}],"replies":[{"embeddable":true,"href":"https:\/\/terakuno.org\/en\/wp-json\/wp\/v2\/comments?post=1351"}],"version-history":[{"count":14,"href":"https:\/\/terakuno.org\/en\/wp-json\/wp\/v2\/pages\/1351\/revisions"}],"predecessor-version":[{"id":1378,"href":"https:\/\/terakuno.org\/en\/wp-json\/wp\/v2\/pages\/1351\/revisions\/1378"}],"wp:attachment":[{"href":"https:\/\/terakuno.org\/en\/wp-json\/wp\/v2\/media?parent=1351"}],"curies":[{"name":"wp","href":"https:\/\/api.w.org\/{rel}","templated":true}]}}